{"id":636,"date":"2022-03-17T16:27:03","date_gmt":"2022-03-17T16:27:03","guid":{"rendered":"https:\/\/startersites.io\/stagingsix\/?page_id=636"},"modified":"2026-03-03T01:34:06","modified_gmt":"2026-03-03T01:34:06","slug":"about","status":"publish","type":"page","link":"https:\/\/devine.mx\/en\/about\/","title":{"rendered":"About"},"content":{"rendered":"<div class=\"wp-block-stackable-columns alignwide stk-block-columns stk-block stk-f5554c3 stk-block-background stk--has-background-overlay\" data-block-id=\"f5554c3\"><style>.stk-f5554c3 {background-color:#3c2204 !important;background-image:url(https:\/\/devine.mx\/wp-content\/uploads\/2026\/02\/lago3.webp) !important;background-attachment:fixed !important;background-position:center center !important;background-repeat:no-repeat !important;background-size:cover !important;border-top-left-radius:25px !important;border-top-right-radius:25px !important;border-bottom-right-radius:25px !important;border-bottom-left-radius:25px !important;overflow:hidden !important;padding-top:180px !important;padding-right:80px !important;padding-bottom:75px !important;padding-left:80px !important;margin-bottom:0px !important;}.stk-f5554c3:before{background-color:#3c2204 !important;opacity:0.7 !important;}@media screen and (max-width:689px){.stk-f5554c3 {padding-top:100px !important;padding-right:25px !important;padding-left:25px !important;}}<\/style><div class=\"stk-row stk-inner-blocks has-text-align-center-mobile stk-block-content stk-content-align stk-f5554c3-column alignwide\">\n<div class=\"wp-block-stackable-column stk-block-column stk-column stk-block stk-3f739b8\" data-v=\"4\" data-block-id=\"3f739b8\"><style>.stk-3f739b8-container{margin-top:0px !important;margin-right:0px !important;margin-bottom:0px !important;margin-left:0px !important;}<\/style><div class=\"stk-column-wrapper stk-block-column__content stk-container stk-3f739b8-container stk--no-background stk--no-padding\"><div class=\"stk-block-content stk-inner-blocks stk-3f739b8-inner-blocks\">\n\n\n<div class=\"wp-block-stackable-columns alignwide stk-block-columns stk-block stk-35428db\" data-block-id=\"35428db\"><div class=\"stk-row stk-inner-blocks has-text-align-center stk-block-content stk-content-align stk-35428db-column alignwide\">\n<div class=\"wp-block-stackable-column stk-block-column stk-column stk-block stk-95b91e1\" data-v=\"4\" data-block-id=\"95b91e1\"><div class=\"stk-column-wrapper stk-block-column__content stk-container stk-95b91e1-container stk--no-background stk--no-padding\"><div class=\"stk-block-content stk-inner-blocks stk-95b91e1-inner-blocks\">\n<div class=\"wp-block-stackable-text stk-block-text stk-block stk-834db53\" data-block-id=\"834db53\"><p class=\"stk-block-text__text\"><span style=\"color: #fffffe;\" class=\"stk-highlight\">Juriquilla es m\u00e1s que una ubicaci\u00f3n privilegiada. Es un ecosistema: lagos, \u00e1reas verdes, familias, proyectos de vida. En DEVINE no solo operamos aqu\u00ed <strong>somos parte de aqu\u00ed<\/strong>.<\/span><a href=\"https:\/\/inmogesco.com\/blog\/descripcion-inmobiliaria\/\" target=\"_blank\" rel=\"noreferrer noopener\"><\/a><\/p><\/div>\n\n\n\n<p><span style=\"color: #ffffff;\" class=\"stk-highlight\">Cada propiedad que tocamos pasa por un proceso donde preguntamos: \u00bfc\u00f3mo dejamos este espacio mejor de lo que lo encontramos? No solo en dise\u00f1o o plusval\u00eda, sino en su huella dentro del vecindario.<\/span><a href=\"https:\/\/franquiciaalfa.com\/sobre-nosotros\/\" target=\"_blank\" rel=\"noreferrer noopener\"><\/a><\/p>\n\n\n\n<p><span style=\"color: #fffffe;\" class=\"stk-highlight\"><strong>T\u00fa no eres solo nuestro cliente. Eres quien decide qu\u00e9 tipo de comunidad quiere habitar.<\/strong>&nbsp;Y nosotros estamos para ayudarte a encontrar o crear ese lugar.<\/span><\/p>\n<\/div><\/div><\/div>\n<\/div><\/div>\n\n\n\n<div class=\"wp-block-stackable-spacer stk-block-spacer stk--no-padding stk-block stk-c902222\" data-block-id=\"c902222\"><style>.stk-c902222 {height:80px !important;}@media screen and (max-width:999px){.stk-c902222 {height:70px !important;}}@media screen and (max-width:689px){.stk-c902222 {height:50px !important;}}<\/style><\/div>\n<\/div><\/div><\/div>\n<\/div><\/div>\n\n\n\n<div class=\"wp-block-stackable-spacer stk-block-spacer stk--no-padding stk-block stk-7cf10c3\" data-block-id=\"7cf10c3\"><style>.stk-7cf10c3 {height:100px !important;}@media screen and (max-width:999px){.stk-7cf10c3 {height:70px !important;}}<\/style><\/div>\n\n\n\n<div class=\"wp-block-stackable-columns stk-block-columns stk-block stk-79d27c9\" data-block-id=\"79d27c9\"><style>.stk-79d27c9 {margin-bottom:0px !important;}.stk-79d27c9-column{--stk-column-gap:50px !important;row-gap:50px !important;}<\/style><div class=\"stk-row stk-inner-blocks stk-block-content stk-content-align stk-79d27c9-column\">\n<div class=\"wp-block-stackable-column stk-block-column stk-column stk-block stk-94c11e3\" data-v=\"4\" data-block-id=\"94c11e3\"><style>.stk-94c11e3-container{margin-top:0px !important;margin-right:0px !important;margin-bottom:0px !important;margin-left:0px !important;}<\/style><div class=\"stk-column-wrapper stk-block-column__content stk-container stk-94c11e3-container stk--no-background stk--no-padding\"><div class=\"stk-block-content stk-inner-blocks stk-94c11e3-inner-blocks\">\n<div class=\"wp-block-stackable-heading stk-block-heading stk-block-heading--v2 stk-block stk-f5afb54\" id=\"mision\" data-block-id=\"f5afb54\"><style>.stk-f5afb54 {margin-bottom:8px !important;}@media screen and (max-width:999px){.stk-f5afb54 .stk-block-heading__text{font-size:20px !important;}}@media screen and (max-width:689px){.stk-f5afb54 .stk-block-heading__text{font-size:20px !important;}}<\/style><h4 class=\"stk-block-heading__text has-text-align-center-mobile\">Misi\u00f3n<\/h4><\/div>\n\n\n\n<div class=\"wp-block-stackable-text stk-block-text stk-block stk-fd8c406\" data-block-id=\"fd8c406\"><p class=\"stk-block-text__text has-text-align-center-mobile\">At <strong><span style=\"color: var(--theme-palette-color-4, #000000);\" class=\"stk-highlight\">DEVINE <\/span><\/strong>creemos que transformar un espacio es tambi\u00e9n transformar toda la colonia. Por eso cada remodelaci\u00f3n la hacemos con materiales responsables, cada propiedad la elegimos pensando en su impacto a largo plazo, y cada cliente que acompa\u00f1a este proceso se convierte en parte de algo m\u00e1s grande.<\/p><\/div>\n<\/div><\/div><\/div>\n\n\n\n<div class=\"wp-block-stackable-column stk-block-column stk-column stk-block stk-037e441\" data-v=\"4\" data-block-id=\"037e441\"><style>.stk-037e441-container{margin-top:0px !important;margin-right:0px !important;margin-bottom:0px !important;margin-left:0px !important;}<\/style><div class=\"stk-column-wrapper stk-block-column__content stk-container stk-037e441-container stk--no-background stk--no-padding\"><div class=\"stk-block-content stk-inner-blocks stk-037e441-inner-blocks\">\n<div class=\"wp-block-stackable-heading stk-block-heading stk-block-heading--v2 stk-block stk-dfbddb1\" id=\"vision\" data-block-id=\"dfbddb1\"><style>.stk-dfbddb1 {margin-bottom:8px !important;}@media screen and (max-width:999px){.stk-dfbddb1 .stk-block-heading__text{font-size:20px !important;}}@media screen and (max-width:689px){.stk-dfbddb1 .stk-block-heading__text{font-size:20px !important;}}<\/style><h4 class=\"stk-block-heading__text has-text-align-center-mobile\">Vision<\/h4><\/div>\n\n\n\n<div class=\"wp-block-stackable-text stk-block-text stk-block stk-0193424\" data-block-id=\"0193424\"><p class=\"stk-block-text__text has-text-align-center-mobile\">Imaginamos una Juriquilla donde vivir bien y vivir responsablemente sean lo mismo. Donde cada llave entregada sea tambi\u00e9n un compromiso con el entorno, los vecinos y las generaciones que vienen.<\/p><\/div>\n<\/div><\/div><\/div>\n\n\n\n<div class=\"wp-block-stackable-column stk-block-column stk-column stk-block stk-4d892c6\" data-v=\"4\" data-block-id=\"4d892c6\"><style>.stk-4d892c6-container{margin-top:0px !important;margin-right:0px !important;margin-bottom:0px !important;margin-left:0px !important;}<\/style><div class=\"stk-column-wrapper stk-block-column__content stk-container stk-4d892c6-container stk--no-background stk--no-padding\"><div class=\"stk-block-content stk-inner-blocks stk-4d892c6-inner-blocks\">\n<div class=\"wp-block-stackable-heading stk-block-heading stk-block-heading--v2 stk-block stk-7699d2e\" id=\"pasion\" data-block-id=\"7699d2e\"><style>.stk-7699d2e {margin-bottom:8px !important;}@media screen and (max-width:999px){.stk-7699d2e .stk-block-heading__text{font-size:20px !important;}}@media screen and (max-width:689px){.stk-7699d2e .stk-block-heading__text{font-size:20px !important;}}<\/style><h4 class=\"stk-block-heading__text has-text-align-center-mobile\">Passion<\/h4><\/div>\n\n\n\n<div class=\"wp-block-stackable-text stk-block-text stk-block stk-f3dde88\" data-block-id=\"f3dde88\"><p class=\"stk-block-text__text has-text-align-center-mobile\">Nos apasiona la familia que planta \u00e1rboles en su nuevo jard\u00edn, el inversionista que elige materiales sustentables, el terreno que se cuida y se desarrolla. Eso es lo que nos impulsa.<\/p><\/div>\n<\/div><\/div><\/div>\n<\/div><\/div>\n\n\n\n<div class=\"wp-block-stackable-spacer stk-block-spacer stk--no-padding stk-block stk-99fe097\" data-block-id=\"99fe097\"><style>.stk-99fe097 {height:100px !important;}@media screen and (max-width:999px){.stk-99fe097 {height:70px !important;}}@media screen and (max-width:689px){.stk-99fe097 {height:110px !important;}}<\/style><\/div>\n\n\n\n<div class=\"wp-block-stackable-columns stk-block-columns stk-block stk-1378dab stk-block-background\" data-block-id=\"1378dab\"><style>.stk-1378dab .stk--block-align-1378dab{align-items:center !important;}.stk-1378dab {background-color:var(--theme-palette-color-1, #ffd800) !important;border-radius:25px !important;overflow:hidden !important;padding-top:4.5% !important;padding-right:4.5% !important;padding-bottom:4.5% !important;padding-left:4.5% !important;margin-bottom:0px !important;}.stk-1378dab:before{background-color:var(--theme-palette-color-1, #ffd800) !important;}.stk-1378dab-column{--stk-column-gap:35px !important;row-gap:35px !important;}@media screen and (max-width:999px){.stk-1378dab {padding-top:5% !important;padding-right:5% !important;padding-bottom:5% !important;padding-left:5% !important;}}@media screen and (max-width:689px){.stk-1378dab {padding-top:10% !important;padding-right:10% !important;padding-bottom:10% !important;padding-left:10% !important;}}<\/style><div class=\"stk-row stk-inner-blocks has-text-align-center-mobile stk--block-align-1378dab stk-block-content stk-content-align stk-1378dab-column\">\n<div class=\"wp-block-stackable-column stk-block-column stk-column stk-block stk-124cffd\" data-v=\"4\" data-block-id=\"124cffd\"><style>.stk-124cffd-container{margin-top:0px !important;margin-right:0px !important;margin-bottom:0px !important;margin-left:0px !important;}@media screen and (min-width:690px){.stk-124cffd {flex:var(--stk-flex-grow, 1) 1 calc(65% - var(--stk-column-gap, 0px) * 1 \/ 2 ) !important;}}<\/style><div class=\"stk-column-wrapper stk-block-column__content stk-container stk-124cffd-container stk--no-background stk--no-padding\"><div class=\"stk-block-content stk-inner-blocks stk-124cffd-inner-blocks\">\n<div class=\"wp-block-stackable-heading stk-block-heading stk-block-heading--v2 stk-block stk-ec6115a\" id=\"strong-encontrar-un-hogar-es-de-las-pocas-decisiones-que-recuerdas-toda-la-vida-strong\" data-block-id=\"ec6115a\"><style>.stk-ec6115a {margin-bottom:8px !important;}.stk-ec6115a .stk-block-heading__text{font-size:40px !important;}@media screen and (max-width:999px){.stk-ec6115a .stk-block-heading__text{font-size:25px !important;}}<\/style><h2 class=\"stk-block-heading__text\"><strong>Encontrar un hogar es de las pocas decisiones que recuerdas toda la vida.<\/strong><\/h2><\/div>\n\n\n\n<div class=\"wp-block-stackable-text stk-block-text stk-block stk-8b0e5a1\" data-block-id=\"8b0e5a1\"><style>.stk-8b0e5a1 {margin-bottom:35px !important;}.stk-8b0e5a1 .stk-block-text__text{color:var(--theme-palette-color-4, #000000) !important;}<\/style><p class=\"stk-block-text__text has-text-color has-palette-color-4-color\"><em>Queremos que cuando mires atr\u00e1s, recuerdes que alguien te ayud\u00f3 a tomarla bien.<\/em><\/p><\/div>\n\n\n\n<div class=\"wp-block-stackable-button-group stk-block-button-group stk-block stk-c174aba\" data-block-id=\"c174aba\"><div class=\"stk-row stk-inner-blocks stk-block-content stk-button-group\">\n<div class=\"wp-block-stackable-button stk-block-button stk-block stk-49e48be\" data-block-id=\"49e48be\"><style>.stk-49e48be .stk-button{padding-top:13px !important;padding-right:30px !important;padding-bottom:13px !important;padding-left:30px !important;background:var(--theme-palette-color-8, #ffffff) !important;border-top-left-radius:15px !important;border-top-right-radius:15px !important;border-bottom-right-radius:15px !important;border-bottom-left-radius:15px !important;}.stk-49e48be .stk-button__inner-text{font-weight:600 !important;}<\/style><a class=\"stk-link stk-button stk--hover-effect-darken\" href=\"https:\/\/devine.mx\/en\/contact\/\"><span class=\"stk-button__inner-text\"><strong>Cu\u00e9ntanos tu historia \u2192<\/strong><\/span><\/a><\/div>\n<\/div><\/div>\n<\/div><\/div><\/div>\n\n\n\n<div class=\"wp-block-stackable-column stk-block-column stk-column stk-block stk-b0fdfc3\" data-v=\"4\" data-block-id=\"b0fdfc3\"><style>.stk-b0fdfc3-container{margin-top:0px !important;margin-right:0px !important;margin-bottom:0px !important;margin-left:0px !important;}@media screen and (min-width:690px){.stk-b0fdfc3 {flex:var(--stk-flex-grow, 1) 1 calc(35% - var(--stk-column-gap, 0px) * 1 \/ 2 ) !important;}}@media screen and (max-width:689px){.stk-b0fdfc3 {padding-top:20px !important;padding-bottom:20px !important;}}<\/style><div class=\"stk-column-wrapper stk-block-column__content stk-container stk-b0fdfc3-container stk--no-background stk--no-padding\"><div class=\"stk-block-content stk-inner-blocks stk-b0fdfc3-inner-blocks\">\n<div class=\"wp-block-stackable-icon stk-block-icon has-text-align-center stk-block stk-2a20de6\" data-block-id=\"2a20de6\"><style>.stk-2a20de6 .stk--svg-wrapper .stk--inner-svg svg:last-child{height:120px !important;width:120px !important;}.stk-2a20de6 .stk--svg-wrapper .stk--inner-svg svg:last-child, .stk-2a20de6 .stk--svg-wrapper .stk--inner-svg svg:last-child :is(g, path, rect, polygon, ellipse){fill:var(--theme-palette-color-3, #5a5a5a) !important;}<\/style><span class=\"stk--svg-wrapper\"><div class=\"stk--inner-svg\"><svg style=\"height:0;width:0\"><defs><lineargradient id=\"linear-gradient-2a20de6\" x1=\"0\" x2=\"100%\" y1=\"0\" y2=\"0\"><stop offset=\"0%\" style=\"stop-opacity:1;stop-color:var(--linear-gradient-2-a-20-de-6-color-1)\"><\/stop><stop offset=\"100%\" style=\"stop-opacity:1;stop-color:var(--linear-gradient-2-a-20-de-6-color-2)\"><\/stop><\/lineargradient><\/defs><\/svg><svg xmlns=\"http:\/\/www.w3.org\/2000\/svg\" viewbox=\"0 0 512 512\" aria-hidden=\"true\" width=\"32\" height=\"32\"><path d=\"M256 48C141.1 48 48 141.1 48 256v40c0 13.3-10.7 24-24 24s-24-10.7-24-24V256C0 114.6 114.6 0 256 0S512 114.6 512 256V400.1c0 48.6-39.4 88-88.1 88L313.6 488c-8.3 14.3-23.8 24-41.6 24H240c-26.5 0-48-21.5-48-48s21.5-48 48-48h32c17.8 0 33.3 9.7 41.6 24l110.4 .1c22.1 0 40-17.9 40-40V256c0-114.9-93.1-208-208-208zM144 208h16c17.7 0 32 14.3 32 32V352c0 17.7-14.3 32-32 32H144c-35.3 0-64-28.7-64-64V272c0-35.3 28.7-64 64-64zm224 0c35.3 0 64 28.7 64 64v48c0 35.3-28.7 64-64 64H352c-17.7 0-32-14.3-32-32V240c0-17.7 14.3-32 32-32h16z\"\/><\/svg><\/div><\/span><\/div>\n<\/div><\/div><\/div>\n<\/div><\/div>\n\n\n\n<div class=\"wp-block-stackable-spacer stk-block-spacer stk--no-padding stk-block stk-0cd2943\" data-block-id=\"0cd2943\"><style>.stk-0cd2943 {height:50px !important;}@media screen and (max-width:999px){.stk-0cd2943 {height:20px !important;}}<\/style><\/div>\n\n\n\n<div class=\"wp-block-stackable-columns alignfull stk-block-columns stk-block stk-1dbdcfb stk-block-background stk--has-background-overlay\" data-block-id=\"1dbdcfb\"><style>.stk-1dbdcfb {background-color:transparent !important;background-image:url(https:\/\/devine.mx\/wp-content\/uploads\/2021\/07\/decorative-shape.svg) !important;background-position:top right !important;background-repeat:no-repeat !important;background-size:850px !important;padding-top:0px !important;padding-right:0px !important;padding-bottom:0px !important;padding-left:0px !important;margin-bottom:0px !important;overflow:visible !important;}.stk-1dbdcfb:before{background-color:transparent !important;opacity:0.5 !important;}.stk-1dbdcfb .stk-container{overflow:visible !important;}@media screen and (max-width:999px){.stk-1dbdcfb {background-size:600px !important;}}@media screen and (max-width:689px){.stk-1dbdcfb {background-position:center right !important;background-size:400px !important;}}<\/style><div class=\"stk-row stk-inner-blocks stk-block-content stk-content-align stk-1dbdcfb-column\">\n<div class=\"wp-block-stackable-column stk-block-column stk-column stk-block stk-07d2bd2\" data-v=\"4\" data-block-id=\"07d2bd2\"><style>.stk-07d2bd2-container{margin-top:0px !important;margin-right:0px !important;margin-bottom:0px !important;margin-left:0px !important;}<\/style><div class=\"stk-column-wrapper stk-block-column__content stk-container stk-07d2bd2-container stk--no-background stk--no-padding\"><div class=\"stk-block-content stk-inner-blocks stk-07d2bd2-inner-blocks\">\n<div class=\"wp-block-stackable-spacer stk-block-spacer stk--no-padding stk-block stk-cb2c834\" data-block-id=\"cb2c834\"><style>.stk-cb2c834 {height:130px !important;}@media screen and (max-width:999px){.stk-cb2c834 {height:70px !important;}}@media screen and (max-width:689px){.stk-cb2c834 {height:40px !important;}}<\/style><\/div>\n<\/div><\/div><\/div>\n<\/div><\/div>","protected":false},"excerpt":{"rendered":"<p>Juriquilla es m\u00e1s que una ubicaci\u00f3n privilegiada. Es un ecosistema: lagos, \u00e1reas verdes, familias, proyectos de vida. En DEVINE no solo operamos aqu\u00ed somos parte de aqu\u00ed. Cada propiedad que tocamos pasa por un proceso donde preguntamos: \u00bfc\u00f3mo dejamos este espacio mejor de lo que lo encontramos? No solo en dise\u00f1o o plusval\u00eda, sino en [&hellip;]<\/p>\n","protected":false},"author":1,"featured_media":0,"parent":0,"menu_order":0,"comment_status":"closed","ping_status":"closed","template":"","meta":{"_gspb_post_css":"","om_disable_all_campaigns":false,"_monsterinsights_skip_tracking":false,"_monsterinsights_sitenote_active":false,"_monsterinsights_sitenote_note":"","_monsterinsights_sitenote_category":0,"footnotes":""},"class_list":["post-636","page","type-page","status-publish","hentry"],"blocksy_meta":{"page_title_panel":"","has_hero_section":"disabled","4c9fda44a86fd2db9b986554bd5adacc":"","hero_section":"type-1","hero_elements":[{"id":"custom_title","enabled":true,"heading_tag":"h1","title":"Home"},{"id":"custom_description","enabled":true,"description_visibility":{"desktop":true,"tablet":true,"mobile":false}},{"id":"custom_meta","enabled":false,"meta_elements":[{"id":"author","enabled":true,"label":"By","has_author_avatar":"yes","avatar_size":25},{"id":"post_date","enabled":true,"label":"On","date_format_source":"default","date_format":"M j, Y"},{"id":"updated_date","enabled":false,"label":"On","date_format_source":"default","date_format":"M j, Y"},{"id":"categories","enabled":false,"label":"In","style":"simple"},{"id":"comments","enabled":true}],"page_meta_elements":{"joined":true,"articles_count":true,"comments":true}},{"id":"breadcrumbs","enabled":false}],"66042b754988433a4cbe987eedc3ae87":"","hero_alignment1":"CT_CSS_SKIP_RULE","hero_margin":40,"hero_alignment2":"center","hero_vertical_alignment":"center","66b1c9575babd2492d521cdab8aeeeb8":"","hero_structure":"narrow","a4866dd9086b283ac9c9ed661667191f":"","page_title_bg_type":"featured_image","custom_hero_background":{"attachment_id":null},"parallax":{"desktop":false,"tablet":false,"mobile":false},"00191fa96e3391c316bf3a007888aea4":"","hero_height":"250px","pageTitleFont":{"family":"Default","variation":"Default","size":"30px","line-height":"CT_CSS_SKIP_RULE","letter-spacing":"CT_CSS_SKIP_RULE","text-transform":"CT_CSS_SKIP_RULE","text-decoration":"CT_CSS_SKIP_RULE"},"pageTitleFontColor":{"default":{"color":"CT_CSS_SKIP_RULEDEFAULT"}},"pageMetaFont":{"family":"Default","variation":"n6","size":"12px","line-height":"1.3","letter-spacing":"CT_CSS_SKIP_RULE","text-transform":"uppercase","text-decoration":"CT_CSS_SKIP_RULE"},"pageMetaFontColor":{"default":{"color":"CT_CSS_SKIP_RULEDEFAULT"},"hover":{"color":"CT_CSS_SKIP_RULEDEFAULT"}},"page_meta_button_type_font_colors":{"default":{"color":"CT_CSS_SKIP_RULEDEFAULT"},"hover":{"color":"CT_CSS_SKIP_RULEDEFAULT"}},"page_meta_button_type_background_colors":{"default":{"color":"CT_CSS_SKIP_RULEDEFAULT"},"hover":{"color":"CT_CSS_SKIP_RULEDEFAULT"}},"pageExcerptFont":{"family":"Default","variation":"Default","size":"CT_CSS_SKIP_RULE","line-height":"CT_CSS_SKIP_RULE","letter-spacing":"CT_CSS_SKIP_RULE","text-transform":"CT_CSS_SKIP_RULE","text-decoration":"CT_CSS_SKIP_RULE"},"pageExcerptColor":{"default":{"color":"CT_CSS_SKIP_RULEDEFAULT"}},"breadcrumbsFont":{"family":"Default","variation":"Default","size":"CT_CSS_SKIP_RULE","line-height":"CT_CSS_SKIP_RULE","letter-spacing":"CT_CSS_SKIP_RULE","text-transform":"CT_CSS_SKIP_RULE","text-decoration":"CT_CSS_SKIP_RULE"},"breadcrumbsFontColor":{"default":{"color":"CT_CSS_SKIP_RULEDEFAULT"},"initial":{"color":"CT_CSS_SKIP_RULEDEFAULT"},"hover":{"color":"CT_CSS_SKIP_RULEDEFAULT"}},"pageTitleOverlay":{"background_type":"color","background_pattern":"type-1","background_image":{"attachment_id":null,"x":0,"y":0},"gradient":"linear-gradient(135deg,rgba(6,147,227,1) 0%,rgb(155,81,224) 100%)","background_repeat":"repeat","background_size":"auto","background_attachment":"scroll","patternColor":{"default":{"color":"#e5e7ea"}},"overlayColor":{"default":{"color":"CT_CSS_SKIP_RULE"}},"backgroundColor":{"default":{"color":"CT_CSS_SKIP_RULE"}}},"pageTitleBackground":{"background_type":"color","background_pattern":"type-1","background_image":{"attachment_id":null,"x":0,"y":0},"gradient":"linear-gradient(135deg,rgba(6,147,227,1) 0%,rgb(155,81,224) 100%)","background_repeat":"repeat","background_size":"auto","background_attachment":"scroll","patternColor":{"default":{"color":"#e5e7ea"}},"overlayColor":{"default":{"color":"CT_CSS_SKIP_RULE"}},"backgroundColor":{"default":{"color":"var(--theme-palette-color-6)"}}},"pageTitlePadding":{"top":"50px","bottom":"50px","left":"auto","right":"auto","linked":true},"a3b0907b6ab61faa63e2bc8f813fc816":"","page_structure_type":"default","2812c2d977791092646ebe1ec21f2cc9":"","content_style_source":"inherit","content_style":"wide","vertical_spacing_source":"custom","content_area_spacing":"none","background":{"background_type":"color","background_pattern":"type-1","background_image":{"attachment_id":null,"x":0,"y":0},"gradient":"linear-gradient(135deg,rgba(6,147,227,1) 0%,rgb(155,81,224) 100%)","background_repeat":"repeat","background_size":"auto","background_attachment":"scroll","patternColor":{"default":{"color":"#e5e7ea"}},"overlayColor":{"default":{"color":"CT_CSS_SKIP_RULE"}},"backgroundColor":{"default":{"color":"CT_CSS_SKIP_RULE"}}},"content_background":{"background_type":"color","background_pattern":"type-1","background_image":{"attachment_id":null,"x":0,"y":0},"gradient":"linear-gradient(135deg,rgba(6,147,227,1) 0%,rgb(155,81,224) 100%)","background_repeat":"repeat","background_size":"auto","background_attachment":"scroll","patternColor":{"default":{"color":"#e5e7ea"}},"overlayColor":{"default":{"color":"CT_CSS_SKIP_RULE"}},"backgroundColor":{"default":{"color":"var(--theme-palette-color-8)"}}},"content_boxed_shadow":{"inherit":false,"blur":18,"spread":-6,"v_offset":12,"h_offset":0,"inset":false,"enable":true,"color":{"color":"rgba(34, 56, 101, 0.04)"}},"boxed_content_spacing":{"desktop":{"top":"40px","bottom":"40px","left":"40px","right":"40px","linked":true},"tablet":{"top":"35px","bottom":"35px","left":"35px","right":"35px","linked":true},"mobile":{"top":"20px","bottom":"20px","left":"20px","right":"20px","linked":true}},"content_boxed_radius":{"top":"3px","bottom":"3px","left":"3px","right":"3px","linked":true},"556d9b8bfe2e6d516b5f64f92b0da372":"","disable_featured_image":"no","disable_share_box":"no","disable_header":"no","disable_footer":"no","styles_descriptor":{"styles":{"desktop":"","tablet":"","mobile":""},"google_fonts":[],"version":6}},"aioseo_notices":[],"_hostinger_reach_plugin_has_subscription_block":false,"_hostinger_reach_plugin_is_elementor":false,"_links":{"self":[{"href":"https:\/\/devine.mx\/en\/wp-json\/wp\/v2\/pages\/636","targetHints":{"allow":["GET"]}}],"collection":[{"href":"https:\/\/devine.mx\/en\/wp-json\/wp\/v2\/pages"}],"about":[{"href":"https:\/\/devine.mx\/en\/wp-json\/wp\/v2\/types\/page"}],"author":[{"embeddable":true,"href":"https:\/\/devine.mx\/en\/wp-json\/wp\/v2\/users\/1"}],"replies":[{"embeddable":true,"href":"https:\/\/devine.mx\/en\/wp-json\/wp\/v2\/comments?post=636"}],"version-history":[{"count":9,"href":"https:\/\/devine.mx\/en\/wp-json\/wp\/v2\/pages\/636\/revisions"}],"predecessor-version":[{"id":20739,"href":"https:\/\/devine.mx\/en\/wp-json\/wp\/v2\/pages\/636\/revisions\/20739"}],"wp:attachment":[{"href":"https:\/\/devine.mx\/en\/wp-json\/wp\/v2\/media?parent=636"}],"curies":[{"name":"wp","href":"https:\/\/api.w.org\/{rel}","templated":true}]}}