{"id":20549,"date":"2026-02-27T08:42:38","date_gmt":"2026-02-27T08:42:38","guid":{"rendered":"https:\/\/devine.mx\/?page_id=20549"},"modified":"2026-03-31T02:02:38","modified_gmt":"2026-03-31T02:02:38","slug":"propiedades-2","status":"publish","type":"page","link":"https:\/\/devine.mx\/en\/propiedades-2\/","title":{"rendered":"Properties"},"content":{"rendered":"<div class=\"ct-search-box\">\n\t\n\n<form role=\"search\" method=\"get\" class=\"ct-search-form\" data-form-controls=\"outside\" data-taxonomy-filter=\"true\" data-submit-button=\"text\" style=\"--theme-form-field-height:40px;\" action=\"https:\/\/devine.mx\/en\/\" aria-haspopup=\"listbox\" data-live-results=\"thumbs\" data-trp-original-action=\"https:\/\/devine.mx\/en\/\">\n\n\t<input\n\t\ttype=\"search\" \t\tplaceholder=\"Search\"\n\t\tvalue=\"\"\n\t\tname=\"s\"\n\t\tautocomplete=\"off\"\n\t\ttitle=\"Search for...\"\n\t\taria-label=\"Search for...\"\n\t\t\t>\n\n\t<div class=\"ct-search-form-controls\">\n\t\t\n\t\t<button type=\"submit\" class=\"wp-element-button\" data-button=\"outside:text\" aria-label=\"Search button\">\n\t\t\t<span class=\"ct-search-button-content\">Search<\/span>\n\t\t\t<span class=\"ct-ajax-loader\">\n\t\t\t\t<svg viewbox=\"0 0 24 24\">\n\t\t\t\t\t<circle cx=\"12\" cy=\"12\" r=\"10\" opacity=\"0.2\" fill=\"none\" stroke=\"currentColor\" stroke-miterlimit=\"10\" stroke-width=\"2\"\/>\n\n\t\t\t\t\t<path d=\"m12,2c5.52,0,10,4.48,10,10\" fill=\"none\" stroke=\"currentColor\" stroke-linecap=\"round\" stroke-miterlimit=\"10\" stroke-width=\"2\">\n\t\t\t\t\t\t<animatetransform\n\t\t\t\t\t\t\tattributename=\"transform\"\n\t\t\t\t\t\t\tattributetype=\"XML\"\n\t\t\t\t\t\t\ttype=\"rotate\"\n\t\t\t\t\t\t\tdur=\"0.6s\"\n\t\t\t\t\t\t\tfrom=\"0 12 12\"\n\t\t\t\t\t\t\tto=\"360 12 12\"\n\t\t\t\t\t\t\trepeatcount=\"indefinite\"\n\t\t\t\t\t\t\/>\n\t\t\t\t\t<\/path>\n\t\t\t\t<\/svg>\n\t\t\t<\/span>\n\t\t<\/button>\n\n\t\t\t\t\t<input type=\"hidden\" name=\"post_type\" value=\"propiedad\">\n\t\t\n\t\t\n\t\t\n\n\t\t\t<\/div>\n\n\t\t\t<div class=\"screen-reader-text\" aria-live=\"polite\" role=\"status\">\n\t\t\tNo results\t\t<\/div>\n\t\n<input type=\"hidden\" name=\"trp-form-language\" value=\"en\"\/><\/form>\n\n\n<\/div>\n\n\n\n<div class=\"wp-block-query is-layout-flow wp-block-query-is-layout-flow\"><ul class=\"columns-3 wp-block-post-template is-layout-grid wp-container-core-post-template-is-layout-572542b5 wp-block-post-template-is-layout-grid\"><li class=\"wp-block-post post-20804 propiedad type-propiedad status-publish has-post-thumbnail hentry\">\n\n<div class=\"wp-block-group is-layout-flow wp-block-group-is-layout-flow\" style=\"padding-top:30px;padding-right:30px;padding-bottom:30px;padding-left:30px\"><h2 class=\"wp-block-post-title\"><a href=\"https:\/\/devine.mx\/en\/propiedad\/casa-merry\/\" target=\"_self\" >Casa Merry<\/a><\/h2>\n\n<figure style=\"aspect-ratio:1;\" class=\"wp-block-post-featured-image\"><img loading=\"lazy\" decoding=\"async\" width=\"1200\" height=\"1600\" src=\"https:\/\/devine.mx\/wp-content\/uploads\/2026\/03\/EB-RI9220-14.webp\" class=\"attachment-full size-full wp-post-image\" alt=\"\" style=\"width:100%;height:100%;object-fit:cover;\" srcset=\"https:\/\/devine.mx\/wp-content\/uploads\/2026\/03\/EB-RI9220-14.webp 1200w, https:\/\/devine.mx\/wp-content\/uploads\/2026\/03\/EB-RI9220-14-225x300.webp 225w, https:\/\/devine.mx\/wp-content\/uploads\/2026\/03\/EB-RI9220-14-768x1024.webp 768w, https:\/\/devine.mx\/wp-content\/uploads\/2026\/03\/EB-RI9220-14-1152x1536.webp 1152w, https:\/\/devine.mx\/wp-content\/uploads\/2026\/03\/EB-RI9220-14-9x12.webp 9w\" sizes=\"auto, (max-width: 1200px) 100vw, 1200px\" \/><\/figure>\n\n<div class=\"wp-block-post-excerpt\"><p class=\"wp-block-post-excerpt__excerpt\">Tres rec\u00e1maras (rec\u00e1mara principal con amplio vestidor) Dos ba\u00f1os completos&hellip;<\/p><p class=\"wp-block-post-excerpt__more-text\"><a class=\"wp-block-post-excerpt__more-link\" href=\"https:\/\/devine.mx\/en\/propiedad\/casa-merry\/\">Leer m\u00e1s \u2192<\/a><\/p><\/div>\n\n<div class=\"wp-block-post-date\"><time datetime=\"2026-03-17T04:02:34+00:00\">17\/03\/2026<\/time><\/div><\/div>\n\n<\/li><li class=\"wp-block-post post-20783 propiedad type-propiedad status-publish has-post-thumbnail hentry\">\n\n<div class=\"wp-block-group is-layout-flow wp-block-group-is-layout-flow\" style=\"padding-top:30px;padding-right:30px;padding-bottom:30px;padding-left:30px\"><h2 class=\"wp-block-post-title\"><a href=\"https:\/\/devine.mx\/en\/propiedad\/casa-ren-2\/\" target=\"_self\" >Lomas Ilse<\/a><\/h2>\n\n<figure style=\"aspect-ratio:1;\" class=\"wp-block-post-featured-image\"><img loading=\"lazy\" decoding=\"async\" width=\"900\" height=\"1200\" src=\"https:\/\/devine.mx\/wp-content\/uploads\/2026\/03\/EB-QC0079-1.webp\" class=\"attachment-full size-full wp-post-image\" alt=\"\" style=\"width:100%;height:100%;object-fit:cover;\" srcset=\"https:\/\/devine.mx\/wp-content\/uploads\/2026\/03\/EB-QC0079-1.webp 900w, https:\/\/devine.mx\/wp-content\/uploads\/2026\/03\/EB-QC0079-1-225x300.webp 225w, https:\/\/devine.mx\/wp-content\/uploads\/2026\/03\/EB-QC0079-1-768x1024.webp 768w, https:\/\/devine.mx\/wp-content\/uploads\/2026\/03\/EB-QC0079-1-9x12.webp 9w\" sizes=\"auto, (max-width: 900px) 100vw, 900px\" \/><\/figure>\n\n<div class=\"wp-block-post-excerpt\"><p class=\"wp-block-post-excerpt__excerpt\">Dentro de fraccionamiento con acceso controlado, Casa 2 niveles, nueva,&hellip;<\/p><p class=\"wp-block-post-excerpt__more-text\"><a class=\"wp-block-post-excerpt__more-link\" href=\"https:\/\/devine.mx\/en\/propiedad\/casa-ren-2\/\">Leer m\u00e1s \u2192<\/a><\/p><\/div>\n\n<div class=\"wp-block-post-date\"><time datetime=\"2026-03-14T22:11:46+00:00\">14\/03\/2026<\/time><\/div><\/div>\n\n<\/li><li class=\"wp-block-post post-20780 propiedad type-propiedad status-publish has-post-thumbnail hentry\">\n\n<div class=\"wp-block-group is-layout-flow wp-block-group-is-layout-flow\" style=\"padding-top:30px;padding-right:30px;padding-bottom:30px;padding-left:30px\"><h2 class=\"wp-block-post-title\"><a href=\"https:\/\/devine.mx\/en\/propiedad\/casa-ren\/\" target=\"_self\" >Casa REN<\/a><\/h2>\n\n<figure style=\"aspect-ratio:1;\" class=\"wp-block-post-featured-image\"><img loading=\"lazy\" decoding=\"async\" width=\"1200\" height=\"900\" src=\"https:\/\/devine.mx\/wp-content\/uploads\/2026\/03\/EB-VL0977.webp\" class=\"attachment-full size-full wp-post-image\" alt=\"\" style=\"width:100%;height:100%;object-fit:cover;\" srcset=\"https:\/\/devine.mx\/wp-content\/uploads\/2026\/03\/EB-VL0977.webp 1200w, https:\/\/devine.mx\/wp-content\/uploads\/2026\/03\/EB-VL0977-300x225.webp 300w, https:\/\/devine.mx\/wp-content\/uploads\/2026\/03\/EB-VL0977-1024x768.webp 1024w, https:\/\/devine.mx\/wp-content\/uploads\/2026\/03\/EB-VL0977-768x576.webp 768w, https:\/\/devine.mx\/wp-content\/uploads\/2026\/03\/EB-VL0977-16x12.webp 16w\" sizes=\"auto, (max-width: 1200px) 100vw, 1200px\" \/><\/figure>\n\n<div class=\"wp-block-post-excerpt\"><p class=\"wp-block-post-excerpt__excerpt\">Casa de un piso, con 2 garage (1 techado) para&hellip;<\/p><p class=\"wp-block-post-excerpt__more-text\"><a class=\"wp-block-post-excerpt__more-link\" href=\"https:\/\/devine.mx\/en\/propiedad\/casa-ren\/\">Leer m\u00e1s \u2192<\/a><\/p><\/div>\n\n<div class=\"wp-block-post-date\"><time datetime=\"2026-03-14T06:35:29+00:00\">14\/03\/2026<\/time><\/div><\/div>\n\n<\/li><li class=\"wp-block-post post-20764 propiedad type-propiedad status-publish has-post-thumbnail hentry\">\n\n<div class=\"wp-block-group is-layout-flow wp-block-group-is-layout-flow\" style=\"padding-top:30px;padding-right:30px;padding-bottom:30px;padding-left:30px\"><h2 class=\"wp-block-post-title\"><a href=\"https:\/\/devine.mx\/en\/propiedad\/zibaserg\/\" target=\"_self\" >Zibaserg<\/a><\/h2>\n\n<figure style=\"aspect-ratio:1;\" class=\"wp-block-post-featured-image\"><img loading=\"lazy\" decoding=\"async\" width=\"1200\" height=\"900\" src=\"https:\/\/devine.mx\/wp-content\/uploads\/2026\/03\/EB-VL2688.webp\" class=\"attachment-full size-full wp-post-image\" alt=\"\" style=\"width:100%;height:100%;object-fit:cover;\" srcset=\"https:\/\/devine.mx\/wp-content\/uploads\/2026\/03\/EB-VL2688.webp 1200w, https:\/\/devine.mx\/wp-content\/uploads\/2026\/03\/EB-VL2688-300x225.webp 300w, https:\/\/devine.mx\/wp-content\/uploads\/2026\/03\/EB-VL2688-1024x768.webp 1024w, https:\/\/devine.mx\/wp-content\/uploads\/2026\/03\/EB-VL2688-768x576.webp 768w, https:\/\/devine.mx\/wp-content\/uploads\/2026\/03\/EB-VL2688-16x12.webp 16w\" sizes=\"auto, (max-width: 1200px) 100vw, 1200px\" \/><\/figure>\n\n<div class=\"wp-block-post-excerpt\"><p class=\"wp-block-post-excerpt__excerpt\">Terreno dentro de un complejo interno de ZIBATA, rectangular, plano&hellip;<\/p><p class=\"wp-block-post-excerpt__more-text\"><a class=\"wp-block-post-excerpt__more-link\" href=\"https:\/\/devine.mx\/en\/propiedad\/zibaserg\/\">Leer m\u00e1s \u2192<\/a><\/p><\/div>\n\n<div class=\"wp-block-post-date\"><time datetime=\"2026-03-14T06:22:11+00:00\">14\/03\/2026<\/time><\/div><\/div>\n\n<\/li><li class=\"wp-block-post post-20760 propiedad type-propiedad status-publish has-post-thumbnail hentry\">\n\n<div class=\"wp-block-group is-layout-flow wp-block-group-is-layout-flow\" style=\"padding-top:30px;padding-right:30px;padding-bottom:30px;padding-left:30px\"><h2 class=\"wp-block-post-title\"><a href=\"https:\/\/devine.mx\/en\/propiedad\/terreno-real\/\" target=\"_self\" >Terreno Real<\/a><\/h2>\n\n<figure style=\"aspect-ratio:1;\" class=\"wp-block-post-featured-image\"><img loading=\"lazy\" decoding=\"async\" width=\"1170\" height=\"679\" src=\"https:\/\/devine.mx\/wp-content\/uploads\/2026\/03\/EB-SN4640-2.webp\" class=\"attachment-full size-full wp-post-image\" alt=\"\" style=\"width:100%;height:100%;object-fit:cover;\" srcset=\"https:\/\/devine.mx\/wp-content\/uploads\/2026\/03\/EB-SN4640-2.webp 1170w, https:\/\/devine.mx\/wp-content\/uploads\/2026\/03\/EB-SN4640-2-300x174.webp 300w, https:\/\/devine.mx\/wp-content\/uploads\/2026\/03\/EB-SN4640-2-1024x594.webp 1024w, https:\/\/devine.mx\/wp-content\/uploads\/2026\/03\/EB-SN4640-2-768x446.webp 768w, https:\/\/devine.mx\/wp-content\/uploads\/2026\/03\/EB-SN4640-2-18x10.webp 18w\" sizes=\"auto, (max-width: 1170px) 100vw, 1170px\" \/><\/figure>\n\n<div class=\"wp-block-post-excerpt\"><p class=\"wp-block-post-excerpt__excerpt\">Terreno en real de Juriquilla Plano En calle totalmente ya&hellip;<\/p><p class=\"wp-block-post-excerpt__more-text\"><a class=\"wp-block-post-excerpt__more-link\" href=\"https:\/\/devine.mx\/en\/propiedad\/terreno-real\/\">Leer m\u00e1s \u2192<\/a><\/p><\/div>\n\n<div class=\"wp-block-post-date\"><time datetime=\"2026-03-14T06:10:47+00:00\">14\/03\/2026<\/time><\/div><\/div>\n\n<\/li><li class=\"wp-block-post post-20741 propiedad type-propiedad status-publish has-post-thumbnail hentry\">\n\n<div class=\"wp-block-group is-layout-flow wp-block-group-is-layout-flow\" style=\"padding-top:30px;padding-right:30px;padding-bottom:30px;padding-left:30px\"><h2 class=\"wp-block-post-title\"><a href=\"https:\/\/devine.mx\/en\/propiedad\/locaserg\/\" target=\"_self\" >Locaserg<\/a><\/h2>\n\n<figure style=\"aspect-ratio:1;\" class=\"wp-block-post-featured-image\"><img loading=\"lazy\" decoding=\"async\" width=\"900\" height=\"1200\" src=\"https:\/\/devine.mx\/wp-content\/uploads\/2026\/03\/EB-VL2694.webp\" class=\"attachment-full size-full wp-post-image\" alt=\"\" style=\"width:100%;height:100%;object-fit:cover;\" srcset=\"https:\/\/devine.mx\/wp-content\/uploads\/2026\/03\/EB-VL2694.webp 900w, https:\/\/devine.mx\/wp-content\/uploads\/2026\/03\/EB-VL2694-225x300.webp 225w, https:\/\/devine.mx\/wp-content\/uploads\/2026\/03\/EB-VL2694-768x1024.webp 768w, https:\/\/devine.mx\/wp-content\/uploads\/2026\/03\/EB-VL2694-9x12.webp 9w\" sizes=\"auto, (max-width: 900px) 100vw, 900px\" \/><\/figure>\n\n<div class=\"wp-block-post-excerpt\"><p class=\"wp-block-post-excerpt__excerpt\">Local en plaza comercial, sobre avenida principal, se entrega en&hellip;<\/p><p class=\"wp-block-post-excerpt__more-text\"><a class=\"wp-block-post-excerpt__more-link\" href=\"https:\/\/devine.mx\/en\/propiedad\/locaserg\/\">Leer m\u00e1s \u2192<\/a><\/p><\/div>\n\n<div class=\"wp-block-post-date\"><time datetime=\"2026-03-14T05:36:00+00:00\">14\/03\/2026<\/time><\/div><\/div>\n\n<\/li><\/ul>\n\n<nav class=\"wp-block-query-pagination is-horizontal is-content-justification-center is-layout-flex wp-container-core-query-pagination-is-layout-03627597 wp-block-query-pagination-is-layout-flex\" aria-label=\"Pagination\">\n\n\n<div class=\"wp-block-query-pagination-numbers\"><span aria-current=\"page\" class=\"page-numbers current\">1<\/span>\n<a class=\"page-numbers\" href=\"?query-31-page=2\">2<\/a><\/div>\n\n<a href=\"\/en\/wp-json\/wp\/v2\/pages\/20549?query-31-page=2\" class=\"wp-block-query-pagination-next\">Next Page<span class='wp-block-query-pagination-next-arrow is-arrow-arrow' aria-hidden='true'>\u2192<\/span><\/a>\n<\/nav><\/div>\n\n\n\n<p><\/p>","protected":false},"excerpt":{"rendered":"","protected":false},"author":1,"featured_media":0,"parent":0,"menu_order":0,"comment_status":"closed","ping_status":"closed","template":"","meta":{"_gspb_post_css":"","om_disable_all_campaigns":false,"_monsterinsights_skip_tracking":false,"_monsterinsights_sitenote_active":false,"_monsterinsights_sitenote_note":"","_monsterinsights_sitenote_category":0,"footnotes":""},"class_list":["post-20549","page","type-page","status-publish","hentry"],"blocksy_meta":[],"aioseo_notices":[],"_hostinger_reach_plugin_has_subscription_block":false,"_hostinger_reach_plugin_is_elementor":false,"_links":{"self":[{"href":"https:\/\/devine.mx\/en\/wp-json\/wp\/v2\/pages\/20549","targetHints":{"allow":["GET"]}}],"collection":[{"href":"https:\/\/devine.mx\/en\/wp-json\/wp\/v2\/pages"}],"about":[{"href":"https:\/\/devine.mx\/en\/wp-json\/wp\/v2\/types\/page"}],"author":[{"embeddable":true,"href":"https:\/\/devine.mx\/en\/wp-json\/wp\/v2\/users\/1"}],"replies":[{"embeddable":true,"href":"https:\/\/devine.mx\/en\/wp-json\/wp\/v2\/comments?post=20549"}],"version-history":[{"count":20,"href":"https:\/\/devine.mx\/en\/wp-json\/wp\/v2\/pages\/20549\/revisions"}],"predecessor-version":[{"id":20828,"href":"https:\/\/devine.mx\/en\/wp-json\/wp\/v2\/pages\/20549\/revisions\/20828"}],"wp:attachment":[{"href":"https:\/\/devine.mx\/en\/wp-json\/wp\/v2\/media?parent=20549"}],"curies":[{"name":"wp","href":"https:\/\/api.w.org\/{rel}","templated":true}]}}